{"id":163,"date":"2024-11-23T09:18:43","date_gmt":"2024-11-23T09:18:43","guid":{"rendered":"https:\/\/rve-rodenbach.de\/?page_id=163"},"modified":"2026-04-27T20:12:22","modified_gmt":"2026-04-27T19:12:22","slug":"startseite","status":"publish","type":"page","link":"https:\/\/rve-rodenbach.de\/","title":{"rendered":"Willkommen beim RVE Rodenbach 1910 e.V."},"content":{"rendered":"\n<p class=\"has-text-align-center has-black-color has-white-background-color has-text-color has-background has-link-color has-medium-font-size wp-elements-6966d08feecdc4524eb3c3b4fc442a5b\"><strong>Willkommen beim RVE Rodenbach 1910 e.V.<\/strong><\/p>\n\n\n\n<p class=\"has-text-align-center has-black-color has-text-color has-link-color has-medium-font-size wp-elements-eb069fd06f8ae3ba77b2c3e4ddc90daf\">Unser Dorfverein wurde im Jahre 1910 gegr\u00fcndet und ist in der Region Nordpfalz aktiv im Rad- und Breitensport. Standort: Verbandsgemeinde Leiningerland, Gemeinde Ebertsheim-Rodenbach.<\/p>\n\n\n\n<p><\/p>\n\n\n\n<p class=\"has-text-align-center has-black-color has-text-color has-background has-link-color has-medium-font-size wp-elements-b0997bb7dd52e521b5d5251294c971a0\" style=\"background:linear-gradient(135deg,rgb(255,203,112) 49%,rgb(199,81,192) 100%,rgb(65,88,208) 100%)\"><strong>Spielfest am 23. Mai 2026<\/strong><\/p>\n\n\n<div class=\"wp-block-image\">\n<figure class=\"aligncenter size-large is-resized\"><img loading=\"lazy\" decoding=\"async\" width=\"724\" height=\"1024\" src=\"https:\/\/rve-rodenbach.de\/wp-content\/uploads\/2026\/04\/Spielfest_23.05.2026-724x1024.jpg\" alt=\"\" class=\"wp-image-925\" style=\"aspect-ratio:0.7070518794656726;width:349px;height:auto\" srcset=\"https:\/\/rve-rodenbach.de\/wp-content\/uploads\/2026\/04\/Spielfest_23.05.2026-724x1024.jpg 724w, https:\/\/rve-rodenbach.de\/wp-content\/uploads\/2026\/04\/Spielfest_23.05.2026-212x300.jpg 212w, https:\/\/rve-rodenbach.de\/wp-content\/uploads\/2026\/04\/Spielfest_23.05.2026-768x1086.jpg 768w, https:\/\/rve-rodenbach.de\/wp-content\/uploads\/2026\/04\/Spielfest_23.05.2026-1086x1536.jpg 1086w, https:\/\/rve-rodenbach.de\/wp-content\/uploads\/2026\/04\/Spielfest_23.05.2026.jpg 1414w\" sizes=\"auto, (max-width: 724px) 100vw, 724px\" \/><\/figure>\n<\/div>\n\n\n<p><\/p>\n\n\n\n<p><\/p>\n\n\n\n<p class=\"has-text-align-center has-black-color has-text-color has-background has-link-color has-medium-font-size wp-elements-57262b8e5793372e10622d6059c11ee8\" style=\"background:linear-gradient(135deg,rgb(255,203,112) 53%,rgb(199,81,192) 100%,rgb(65,88,208) 100%)\"><strong>Der neue Vorstand stellt sich vor<\/strong><\/p>\n\n\n\n<p class=\"has-text-align-center has-black-color has-text-color has-link-color wp-elements-d7b8279b685e5773112270adc62cf771\" style=\"font-size:14px\">Im Rahmen unserer Mitgliederversammlung am 21.03.2026 ist der bisherige Vorstand zur\u00fcckgetreten und ein neuer Vorstand wurde von den anwesenden, wahlberechtigten Mitgliedern gew\u00e4hlt.<\/p>\n\n\n\n<p class=\"has-text-align-center has-black-color has-text-color has-link-color wp-elements-f532ab94448f8a0a6fafe345ec07f197\">Von links nach rechts: <\/p>\n\n\n\n<p class=\"has-text-align-center has-black-color has-text-color has-link-color wp-elements-5cab66cae915299927f44ddebc9ca9ac\">Eike Rohde (1. Vorsitzender), Katja Diemer (Schriftf\u00fchrerin), Gisela Diemer (Kassenwartin), Kai Diemer (2. Vorsitzender).<\/p>\n\n\n<div class=\"wp-block-image\">\n<figure class=\"aligncenter size-large is-resized\"><img loading=\"lazy\" decoding=\"async\" width=\"1024\" height=\"768\" src=\"https:\/\/rve-rodenbach.de\/wp-content\/uploads\/2026\/03\/Foto_Vorstand_21.03.26-1-1024x768.jpg\" alt=\"\" class=\"wp-image-888\" style=\"width:417px;height:auto\" srcset=\"https:\/\/rve-rodenbach.de\/wp-content\/uploads\/2026\/03\/Foto_Vorstand_21.03.26-1-1024x768.jpg 1024w, https:\/\/rve-rodenbach.de\/wp-content\/uploads\/2026\/03\/Foto_Vorstand_21.03.26-1-300x225.jpg 300w, https:\/\/rve-rodenbach.de\/wp-content\/uploads\/2026\/03\/Foto_Vorstand_21.03.26-1-768x576.jpg 768w, https:\/\/rve-rodenbach.de\/wp-content\/uploads\/2026\/03\/Foto_Vorstand_21.03.26-1-1536x1152.jpg 1536w, https:\/\/rve-rodenbach.de\/wp-content\/uploads\/2026\/03\/Foto_Vorstand_21.03.26-1.jpg 1600w\" sizes=\"auto, (max-width: 1024px) 100vw, 1024px\" \/><\/figure>\n<\/div>\n\n\n<p class=\"has-text-align-center has-black-color has-text-color has-link-color wp-elements-f3bb11fe797cfe3fc600bb8fdf67d19c\">Liebe Mitgliederinnen und Mitglieder,<\/p>\n\n\n\n<p class=\"has-text-align-center has-black-color has-text-color has-link-color wp-elements-6978d4ab14c4c206f1698cb74707550a\">ganz besonders liegt es uns am Herzen, die lange Tradition unseres Vereins zu bewahren und gleichzeitig neue Impulse zu setzen. Gemeinsam m\u00f6chten wir den RVE weiterentwickeln, das Vereinsleben st\u00e4rken und f\u00fcr alle Generationen attraktiv gestalten.<\/p>\n\n\n\n<p class=\"has-text-align-center has-black-color has-text-color has-link-color wp-elements-17691d80dacb85077fbeb8ce8b5f3dee\">Wir freuen uns auf viele sch\u00f6ne gemeinsame Momente, sportliche Erfolge und ein lebendiges Miteinander!<\/p>\n\n\n\n<p class=\"has-text-align-center has-black-color has-text-color has-link-color wp-elements-c6e1b28d04d88961d0cf41bbbfc0a3ad\"><em>Eure Vorstandschaft<\/em><\/p>\n\n\n\n<p class=\"has-black-color has-text-color has-link-color has-small-font-size wp-elements-fda5219e57c5e39af04793b491c56396\"><\/p>\n\n\n\n<p class=\"has-text-align-center has-cyan-bluish-gray-background-color has-background has-medium-font-size\"><strong>Nachruf<\/strong><\/p>\n\n\n\n<p class=\"has-text-align-center\" style=\"font-size:13px\">Wir trauern um unseren langj\u00e4hrigen Vereinsvorsitzenden, Herrn<\/p>\n\n\n\n<p class=\"has-text-align-center has-medium-font-size\"><strong>Albert Diemer,<\/strong><\/p>\n\n\n\n<p class=\"has-text-align-center\" style=\"font-size:13px\">der am 07. Februar im Alter von 83 Jahren pl\u00f6tzlich und unerwartet von uns gegangen ist.<\/p>\n\n\n<div class=\"wp-block-image\">\n<figure class=\"aligncenter size-large is-resized\"><img loading=\"lazy\" decoding=\"async\" width=\"1024\" height=\"682\" src=\"https:\/\/rve-rodenbach.de\/wp-content\/uploads\/2025\/02\/Albert-Diemer-SWInt-1024x682.jpg\" alt=\"\" class=\"wp-image-469\" style=\"width:475px;height:auto\" srcset=\"https:\/\/rve-rodenbach.de\/wp-content\/uploads\/2025\/02\/Albert-Diemer-SWInt-1024x682.jpg 1024w, https:\/\/rve-rodenbach.de\/wp-content\/uploads\/2025\/02\/Albert-Diemer-SWInt-300x200.jpg 300w, https:\/\/rve-rodenbach.de\/wp-content\/uploads\/2025\/02\/Albert-Diemer-SWInt-768x512.jpg 768w, https:\/\/rve-rodenbach.de\/wp-content\/uploads\/2025\/02\/Albert-Diemer-SWInt-1536x1024.jpg 1536w, https:\/\/rve-rodenbach.de\/wp-content\/uploads\/2025\/02\/Albert-Diemer-SWInt.jpg 2000w\" sizes=\"auto, (max-width: 1024px) 100vw, 1024px\" \/><\/figure>\n<\/div>\n\n\n<p class=\"has-text-align-center\" style=\"font-size:13px\">Vier Jahrzehnte hat Albert Diemer den RVE Rodenbach 1910 e.V. verk\u00f6rpert und repr\u00e4sentiert. Er war der Motor &#8211; das Herz und die Seele &#8211; unseres Vereins, der allzeit gegenw\u00e4rtige und ansprechbereite Macher. Mit seinem gro\u00dfen Fachwissen und seinem ausgepr\u00e4gten Sachverstand hat er die Aktiven im eigenen Verein entscheidend gef\u00f6rdert und ausgebildet. Auch waren sein Rat und seine fachliche Kompetenz in den Sportverb\u00e4nden, in anderen Vereinen, in der Ortspolitik, den Schulen und  der Kirche sehr gesch\u00e4tzt. Die Wertsch\u00e4tzung seines ehrenamtlichen Wirkens wurde durch viele Auszeichnungen gew\u00fcrdigt. Eine besondere Herzensangelegenheit von Albert Diemer war es, Kinder und Jugendliche f\u00fcr den Radsport zu begeistern.<\/p>\n\n\n\n<p class=\"has-text-align-center\" style=\"font-size:13px\">Sein unerm\u00fcdlicher Einsatz zum Wohl des Vereins war beispiellos. F\u00fcr den Radsportverein Rodenbach ist der Tod von Albert Diemer ein unersetzbarer Verlust. Das von ihm geplante und gebaute Radlerheim in Rodenbach wird stets das sichtbare Zeichen des Andenkens an ihn sein.<\/p>\n\n\n\n<p class=\"has-text-align-center\" style=\"font-size:13px\">Unseren Freund und Vereinsvorsitzenden Albert werden wir nie vergessen.<\/p>\n\n\n\n<p class=\"has-text-align-center\" style=\"font-size:13px\">Mit seiner Ehefrau Gisela, seinen drei T\u00f6chtern und deren Familien trauern wir um diesen au\u00dfergew\u00f6hnlichen Menschen.<\/p>\n\n\n\n<p class=\"has-text-align-center\" style=\"font-size:13px\">In dankbarer Erinnerung, <\/p>\n\n\n\n<p class=\"has-text-align-center\" style=\"font-size:13px\">die Mitglieder, Vorstandschaft und Radler-Freunde<\/p>\n\n\n\n<div class=\"wp-block-columns is-layout-flex wp-container-core-columns-is-layout-9d6595d7 wp-block-columns-is-layout-flex\">\n<div class=\"wp-block-column is-layout-flow wp-block-column-is-layout-flow\" style=\"flex-basis:25%\"><\/div>\n\n\n\n<div class=\"wp-block-column is-layout-flow wp-block-column-is-layout-flow\" style=\"flex-basis:25%\"><\/div>\n<\/div>\n\n\n\n<div class=\"wp-block-columns is-layout-flex wp-container-core-columns-is-layout-9d6595d7 wp-block-columns-is-layout-flex\">\n<div class=\"wp-block-column is-layout-flow wp-block-column-is-layout-flow\">\n<div class=\"wp-block-group\"><div class=\"wp-block-group__inner-container is-layout-constrained wp-block-group-is-layout-constrained\">\n<figure class=\"wp-block-image size-large\"><img loading=\"lazy\" decoding=\"async\" width=\"1024\" height=\"577\" src=\"https:\/\/rve-rodenbach.de\/wp-content\/uploads\/2024\/11\/Ehrung-Radfahrverein2000x1125-1024x577.jpg\" alt=\"\" class=\"wp-image-274\" srcset=\"https:\/\/rve-rodenbach.de\/wp-content\/uploads\/2024\/11\/Ehrung-Radfahrverein2000x1125-1024x577.jpg 1024w, https:\/\/rve-rodenbach.de\/wp-content\/uploads\/2024\/11\/Ehrung-Radfahrverein2000x1125-300x169.jpg 300w, https:\/\/rve-rodenbach.de\/wp-content\/uploads\/2024\/11\/Ehrung-Radfahrverein2000x1125-768x432.jpg 768w, https:\/\/rve-rodenbach.de\/wp-content\/uploads\/2024\/11\/Ehrung-Radfahrverein2000x1125-1536x865.jpg 1536w, https:\/\/rve-rodenbach.de\/wp-content\/uploads\/2024\/11\/Ehrung-Radfahrverein2000x1125.jpg 2000w\" sizes=\"auto, (max-width: 1024px) 100vw, 1024px\" \/><\/figure>\n\n\n\n<h2 class=\"wp-block-heading has-text-align-center has-medium-font-size\">Ehrung f\u00fcr den RVE Rodenbach<\/h2>\n\n\n\n<p class=\"has-text-align-center\">vom Sportbund Rheinland Pfalz<\/p>\n\n\n\n<div class=\"wp-block-buttons is-content-justification-center is-layout-flex wp-container-core-buttons-is-layout-16018d1d wp-block-buttons-is-layout-flex\">\n<div class=\"wp-block-button has-custom-width wp-block-button__width-75 is-style-fill\"><a class=\"wp-block-button__link has-white-color has-cyan-bluish-gray-background-color has-text-color has-background has-link-color has-custom-font-size wp-element-button\" href=\"https:\/\/rve-rodenbach.de\/?page_id=265&amp;preview=true\" style=\"border-radius:4px;font-size:13px\">MEHR ERFAHREN<\/a><\/div>\n<\/div>\n<\/div><\/div>\n<\/div>\n\n\n\n<div class=\"wp-block-column is-layout-flow wp-block-column-is-layout-flow\">\n<div class=\"wp-block-group\"><div class=\"wp-block-group__inner-container is-layout-constrained wp-block-group-is-layout-constrained\">\n<figure class=\"wp-block-image size-large\"><img loading=\"lazy\" decoding=\"async\" width=\"1024\" height=\"577\" src=\"https:\/\/rve-rodenbach.de\/wp-content\/uploads\/2024\/11\/DSC03913-b.2000-1024x577.jpg\" alt=\"\" class=\"wp-image-273\" srcset=\"https:\/\/rve-rodenbach.de\/wp-content\/uploads\/2024\/11\/DSC03913-b.2000-1024x577.jpg 1024w, https:\/\/rve-rodenbach.de\/wp-content\/uploads\/2024\/11\/DSC03913-b.2000-300x169.jpg 300w, https:\/\/rve-rodenbach.de\/wp-content\/uploads\/2024\/11\/DSC03913-b.2000-768x432.jpg 768w, https:\/\/rve-rodenbach.de\/wp-content\/uploads\/2024\/11\/DSC03913-b.2000-1536x865.jpg 1536w, https:\/\/rve-rodenbach.de\/wp-content\/uploads\/2024\/11\/DSC03913-b.2000.jpg 2000w\" sizes=\"auto, (max-width: 1024px) 100vw, 1024px\" \/><\/figure>\n\n\n\n<h2 class=\"wp-block-heading has-text-align-center has-medium-font-size\">Hacki wird Deutscher Meister<\/h2>\n\n\n\n<p class=\"has-text-align-center\">und Vize-Europameister<\/p>\n<\/div><\/div>\n\n\n\n<div class=\"wp-block-buttons is-content-justification-center is-layout-flex wp-container-core-buttons-is-layout-16018d1d wp-block-buttons-is-layout-flex\">\n<div class=\"wp-block-button\"><a class=\"wp-block-button__link has-white-color has-cyan-bluish-gray-background-color has-text-color has-background has-link-color has-small-font-size has-custom-font-size wp-element-button\" href=\"https:\/\/rve-rodenbach.de\/?page_id=268&amp;preview=true\" style=\"border-radius:0px\">MEHR ERFAHREN<\/a><\/div>\n<\/div>\n<\/div>\n\n\n\n<div class=\"wp-block-column is-layout-flow wp-block-column-is-layout-flow\">\n<div class=\"wp-block-group\"><div class=\"wp-block-group__inner-container is-layout-constrained wp-block-group-is-layout-constrained\">\n<figure class=\"wp-block-image size-large\"><img loading=\"lazy\" decoding=\"async\" width=\"1024\" height=\"576\" src=\"https:\/\/rve-rodenbach.de\/wp-content\/uploads\/2024\/11\/Norwegen-Boxenbild-1024x576.jpg\" alt=\"\" class=\"wp-image-347\" srcset=\"https:\/\/rve-rodenbach.de\/wp-content\/uploads\/2024\/11\/Norwegen-Boxenbild-1024x576.jpg 1024w, https:\/\/rve-rodenbach.de\/wp-content\/uploads\/2024\/11\/Norwegen-Boxenbild-300x169.jpg 300w, https:\/\/rve-rodenbach.de\/wp-content\/uploads\/2024\/11\/Norwegen-Boxenbild-768x432.jpg 768w, https:\/\/rve-rodenbach.de\/wp-content\/uploads\/2024\/11\/Norwegen-Boxenbild-1536x864.jpg 1536w, https:\/\/rve-rodenbach.de\/wp-content\/uploads\/2024\/11\/Norwegen-Boxenbild.jpg 2000w\" sizes=\"auto, (max-width: 1024px) 100vw, 1024px\" \/><\/figure>\n\n\n\n<h2 class=\"wp-block-heading has-text-align-center has-medium-font-size\">Sch\u00f6ner Filmabend<\/h2>\n\n\n\n<p class=\"has-text-align-center\">Mit Robert Schwarz und Klaus Wendel durch Skandinavien<\/p>\n\n\n\n<div class=\"wp-block-buttons is-content-justification-center is-layout-flex wp-container-core-buttons-is-layout-16018d1d wp-block-buttons-is-layout-flex\">\n<div class=\"wp-block-button\"><a class=\"wp-block-button__link has-white-color has-cyan-bluish-gray-background-color has-text-color has-background has-link-color has-small-font-size has-custom-font-size wp-element-button\" href=\"https:\/\/rve-rodenbach.de\/?page_id=284\" style=\"border-radius:0px\">MEHR ERFAHREN<\/a><\/div>\n<\/div>\n<\/div><\/div>\n<\/div>\n<\/div>\n\n\n\n<div class=\"wp-block-columns is-layout-flex wp-container-core-columns-is-layout-9d6595d7 wp-block-columns-is-layout-flex\">\n<div class=\"wp-block-column has-white-background-color has-background is-layout-flow wp-block-column-is-layout-flow\" style=\"flex-basis:30%\"><\/div>\n\n\n\n<div class=\"wp-block-column is-layout-flow wp-block-column-is-layout-flow\" style=\"flex-basis:70%\">\n<figure class=\"wp-block-embed is-type-video is-provider-youtube wp-block-embed-youtube wp-embed-aspect-16-9 wp-has-aspect-ratio\"><div class=\"wp-block-embed__wrapper\">\n<iframe loading=\"lazy\" hcb-fetch-image-from=\"https:\/\/youtu.be\/dNltislVy2g\" title=\"Filmausschnitt aus Rodenbach-Film: Radlerheim\" width=\"800\" height=\"450\" src=\"https:\/\/www.youtube.com\/embed\/dNltislVy2g?feature=oembed\" frameborder=\"0\" allow=\"accelerometer; autoplay; clipboard-write; encrypted-media; gyroscope; picture-in-picture; web-share\" referrerpolicy=\"strict-origin-when-cross-origin\" allowfullscreen><\/iframe>\n<\/div><\/figure>\n<\/div>\n\n\n\n<div class=\"wp-block-column has-white-background-color has-background is-layout-flow wp-block-column-is-layout-flow\" style=\"flex-basis:30%\"><\/div>\n<\/div>\n\n\n\n<div class=\"wp-block-columns is-layout-flex wp-container-core-columns-is-layout-9d6595d7 wp-block-columns-is-layout-flex\">\n<div class=\"wp-block-column has-white-background-color has-background is-layout-flow wp-block-column-is-layout-flow\" style=\"flex-basis:25%\"><\/div>\n\n\n\n<div class=\"wp-block-column is-layout-flow wp-block-column-is-layout-flow\" style=\"flex-basis:60%\">\n<div class=\"wp-block-group\"><div class=\"wp-block-group__inner-container is-layout-constrained wp-block-group-is-layout-constrained\">\n<figure class=\"wp-block-image size-large\"><img loading=\"lazy\" decoding=\"async\" width=\"1024\" height=\"576\" src=\"https:\/\/rve-rodenbach.de\/wp-content\/uploads\/2024\/11\/Heimatbuch-2-1024x576.jpg\" alt=\"\" class=\"wp-image-306\" srcset=\"https:\/\/rve-rodenbach.de\/wp-content\/uploads\/2024\/11\/Heimatbuch-2-1024x576.jpg 1024w, https:\/\/rve-rodenbach.de\/wp-content\/uploads\/2024\/11\/Heimatbuch-2-300x169.jpg 300w, https:\/\/rve-rodenbach.de\/wp-content\/uploads\/2024\/11\/Heimatbuch-2-768x432.jpg 768w, https:\/\/rve-rodenbach.de\/wp-content\/uploads\/2024\/11\/Heimatbuch-2-1536x864.jpg 1536w, https:\/\/rve-rodenbach.de\/wp-content\/uploads\/2024\/11\/Heimatbuch-2.jpg 2000w\" sizes=\"auto, (max-width: 1024px) 100vw, 1024px\" \/><\/figure>\n\n\n\n<p class=\"has-text-align-center\">Das 352-seitige Heimatbuch \u00fcber das Dorf Rodenbach und die Vereinsgeschichte des RVE Rodenbach wurde zum 100-j\u00e4hrigen Stiftungsfest im Jahre 2010 erstellt.<\/p>\n\n\n\n<p class=\"has-text-align-center\">Zu erwerben bei Albert Diemer, Telefon: 06359 6103 Preis: \u20ac 25,00<\/p>\n<\/div><\/div>\n<\/div>\n\n\n\n<div class=\"wp-block-column has-white-background-color has-background is-layout-flow wp-block-column-is-layout-flow\" style=\"flex-basis:25%\"><\/div>\n<\/div>\n\n\n\n<p><\/p>\n","protected":false},"excerpt":{"rendered":"<p>Willkommen beim RVE Rodenbach 1910 e.V. Unser Dorfverein wurde im Jahre 1910 gegr\u00fcndet und ist in der Region Nordpfalz aktiv im Rad- und Breitensport. Standort: Verbandsgemeinde Leiningerland, Gemeinde Ebertsheim-Rodenbach. Spielfest &#8230;<\/p>\n","protected":false},"author":1,"featured_media":0,"parent":0,"menu_order":0,"comment_status":"closed","ping_status":"closed","template":"","meta":{"footnotes":""},"class_list":["post-163","page","type-page","status-publish","hentry"],"_links":{"self":[{"href":"https:\/\/rve-rodenbach.de\/index.php?rest_route=\/wp\/v2\/pages\/163","targetHints":{"allow":["GET"]}}],"collection":[{"href":"https:\/\/rve-rodenbach.de\/index.php?rest_route=\/wp\/v2\/pages"}],"about":[{"href":"https:\/\/rve-rodenbach.de\/index.php?rest_route=\/wp\/v2\/types\/page"}],"author":[{"embeddable":true,"href":"https:\/\/rve-rodenbach.de\/index.php?rest_route=\/wp\/v2\/users\/1"}],"replies":[{"embeddable":true,"href":"https:\/\/rve-rodenbach.de\/index.php?rest_route=%2Fwp%2Fv2%2Fcomments&post=163"}],"version-history":[{"count":93,"href":"https:\/\/rve-rodenbach.de\/index.php?rest_route=\/wp\/v2\/pages\/163\/revisions"}],"predecessor-version":[{"id":926,"href":"https:\/\/rve-rodenbach.de\/index.php?rest_route=\/wp\/v2\/pages\/163\/revisions\/926"}],"wp:attachment":[{"href":"https:\/\/rve-rodenbach.de\/index.php?rest_route=%2Fwp%2Fv2%2Fmedia&parent=163"}],"curies":[{"name":"wp","href":"https:\/\/api.w.org\/{rel}","templated":true}]}}