{"id":268,"date":"2024-12-01T22:20:30","date_gmt":"2024-12-01T22:20:30","guid":{"rendered":"https:\/\/rve-rodenbach.de\/?page_id=268"},"modified":"2024-12-06T17:27:13","modified_gmt":"2024-12-06T17:27:13","slug":"hacki-wird-deutscher-meister-und-vize-europameister","status":"publish","type":"page","link":"https:\/\/rve-rodenbach.de\/?page_id=268","title":{"rendered":"HACKI WIRD DEUTSCHER MEISTER UND VIZE-EUROPAMEISTER!"},"content":{"rendered":"\n<figure class=\"wp-block-image size-large\"><img loading=\"lazy\" decoding=\"async\" width=\"1024\" height=\"341\" src=\"https:\/\/rve-rodenbach.de\/wp-content\/uploads\/2024\/11\/Banner-Hackmann-1024x341.jpg\" alt=\"\" class=\"wp-image-269\" srcset=\"https:\/\/rve-rodenbach.de\/wp-content\/uploads\/2024\/11\/Banner-Hackmann-1024x341.jpg 1024w, https:\/\/rve-rodenbach.de\/wp-content\/uploads\/2024\/11\/Banner-Hackmann-300x100.jpg 300w, https:\/\/rve-rodenbach.de\/wp-content\/uploads\/2024\/11\/Banner-Hackmann-768x256.jpg 768w, https:\/\/rve-rodenbach.de\/wp-content\/uploads\/2024\/11\/Banner-Hackmann-1536x512.jpg 1536w, https:\/\/rve-rodenbach.de\/wp-content\/uploads\/2024\/11\/Banner-Hackmann.jpg 1800w\" sizes=\"auto, (max-width: 1024px) 100vw, 1024px\" \/><\/figure>\n\n\n\n<p>Da ist einer vom RVE Rodenbach auf dem Weg nach ganz oben! Als der kleine Henric dem Radfahrverein Einigkeit beigetreten war, hat er als Sch\u00fcler noch mit Albert Diemer seine Trainingsrunden gedreht. Diemer erkannte schon damals, dass Henric kein Langstreckenfahrer, sondern ein Sprinter war. Genau das ist er heute noch. Als Bahnradsportler ist der mittlerweile 21j\u00e4hrige auf der diesj\u00e4hrigen Bahnrad-EM der U 23 in zwei Disziplinen Vize-Europameister geworden. Silbermedaillen f\u00fcr \u201eHacki\u201c im 1000-Meter-Zeitfahren und im Keirin. Nur 0,402 Sekunden R\u00fcckstand trennten Hackmann vom Goldmedaillensieger Norris Hayden.<\/p>\n\n\n\n<p>Dann am 15. August der zweite gro\u00dfe Erfolg des angehenden Bundespolizisten: Henric Hackmann wird im Berliner Velodrom bei den deutschen Bahnradmeisterschaften Deutscher Meister im 1000-Meter-Zeitfahren! Damit ist der Radsportler endg\u00fcltig im Spitzensport angekommen. Hacki ist keiner mehr, der mitf\u00e4hrt, sondern einer, der mitredet; einer, mit dem seine Mitstreiter zuk\u00fcnftig zu rechnen haben. Respekt vor dieser Leistung.<\/p>\n\n\n\n<div style=\"height:50px\" aria-hidden=\"true\" class=\"wp-block-spacer\"><\/div>\n\n\n<div class=\"wp-block-image\">\n<figure class=\"aligncenter size-large is-resized\"><img loading=\"lazy\" decoding=\"async\" width=\"1024\" height=\"578\" src=\"https:\/\/rve-rodenbach.de\/wp-content\/uploads\/2024\/12\/Sportlerabend-HHG-Dez.-2024-2-1024x578.jpg\" alt=\"\" class=\"wp-image-367\" style=\"width:705px;height:auto\" srcset=\"https:\/\/rve-rodenbach.de\/wp-content\/uploads\/2024\/12\/Sportlerabend-HHG-Dez.-2024-2-1024x578.jpg 1024w, https:\/\/rve-rodenbach.de\/wp-content\/uploads\/2024\/12\/Sportlerabend-HHG-Dez.-2024-2-300x169.jpg 300w, https:\/\/rve-rodenbach.de\/wp-content\/uploads\/2024\/12\/Sportlerabend-HHG-Dez.-2024-2-768x433.jpg 768w, https:\/\/rve-rodenbach.de\/wp-content\/uploads\/2024\/12\/Sportlerabend-HHG-Dez.-2024-2-1536x867.jpg 1536w, https:\/\/rve-rodenbach.de\/wp-content\/uploads\/2024\/12\/Sportlerabend-HHG-Dez.-2024-2.jpg 1597w\" sizes=\"auto, (max-width: 1024px) 100vw, 1024px\" \/><figcaption class=\"wp-element-caption\">Henric Hackmann am 4. Dezember 2024 im Heinrich-Heine-Gymnasium Kaiserslautern (Sportgymnasium) bei der j\u00e4hrlichen Sportlerehrung. Insgesamt 34 Medaillen gingen an die Radsportlerinnen und Radsportler in Rheinland-Pfalz.<\/figcaption><\/figure>\n<\/div>\n\n<div class=\"wp-block-image\">\n<figure class=\"aligncenter size-large is-resized\"><img loading=\"lazy\" decoding=\"async\" width=\"1024\" height=\"577\" src=\"https:\/\/rve-rodenbach.de\/wp-content\/uploads\/2024\/12\/Sportlerabend-im-HHG-Dez.-2024-1-1024x577.jpg\" alt=\"\" class=\"wp-image-368\" style=\"width:708px;height:auto\" srcset=\"https:\/\/rve-rodenbach.de\/wp-content\/uploads\/2024\/12\/Sportlerabend-im-HHG-Dez.-2024-1-1024x577.jpg 1024w, https:\/\/rve-rodenbach.de\/wp-content\/uploads\/2024\/12\/Sportlerabend-im-HHG-Dez.-2024-1-300x169.jpg 300w, https:\/\/rve-rodenbach.de\/wp-content\/uploads\/2024\/12\/Sportlerabend-im-HHG-Dez.-2024-1-768x433.jpg 768w, https:\/\/rve-rodenbach.de\/wp-content\/uploads\/2024\/12\/Sportlerabend-im-HHG-Dez.-2024-1-1536x866.jpg 1536w, https:\/\/rve-rodenbach.de\/wp-content\/uploads\/2024\/12\/Sportlerabend-im-HHG-Dez.-2024-1.jpg 1597w\" sizes=\"auto, (max-width: 1024px) 100vw, 1024px\" \/><\/figure>\n<\/div>\n\n\n<p class=\"has-text-align-center\">Henric mit den Olympiateilnehmern Alessa Pr\u00f6pster und Luca Spiegel einschl. Trainer.<\/p>\n","protected":false},"excerpt":{"rendered":"<p>Da ist einer vom RVE Rodenbach auf dem Weg nach ganz oben! Als der kleine Henric dem Radfahrverein Einigkeit beigetreten war, hat er als Sch\u00fcler noch mit Albert Diemer seine &#8230;<\/p>\n","protected":false},"author":1,"featured_media":0,"parent":0,"menu_order":0,"comment_status":"closed","ping_status":"closed","template":"","meta":{"footnotes":""},"class_list":["post-268","page","type-page","status-publish","hentry"],"_links":{"self":[{"href":"https:\/\/rve-rodenbach.de\/index.php?rest_route=\/wp\/v2\/pages\/268","targetHints":{"allow":["GET"]}}],"collection":[{"href":"https:\/\/rve-rodenbach.de\/index.php?rest_route=\/wp\/v2\/pages"}],"about":[{"href":"https:\/\/rve-rodenbach.de\/index.php?rest_route=\/wp\/v2\/types\/page"}],"author":[{"embeddable":true,"href":"https:\/\/rve-rodenbach.de\/index.php?rest_route=\/wp\/v2\/users\/1"}],"replies":[{"embeddable":true,"href":"https:\/\/rve-rodenbach.de\/index.php?rest_route=%2Fwp%2Fv2%2Fcomments&post=268"}],"version-history":[{"count":2,"href":"https:\/\/rve-rodenbach.de\/index.php?rest_route=\/wp\/v2\/pages\/268\/revisions"}],"predecessor-version":[{"id":369,"href":"https:\/\/rve-rodenbach.de\/index.php?rest_route=\/wp\/v2\/pages\/268\/revisions\/369"}],"wp:attachment":[{"href":"https:\/\/rve-rodenbach.de\/index.php?rest_route=%2Fwp%2Fv2%2Fmedia&parent=268"}],"curies":[{"name":"wp","href":"https:\/\/api.w.org\/{rel}","templated":true}]}}